{"id":293,"date":"2017-10-11T06:53:41","date_gmt":"2017-10-11T06:53:41","guid":{"rendered":"https:\/\/www.wordpresstheme.net\/developer\/radiantthemewedding\/?page_id=5"},"modified":"2023-03-08T12:11:23","modified_gmt":"2023-03-08T12:11:23","slug":"home","status":"publish","type":"page","link":"https:\/\/www.boltechs.com\/","title":{"rendered":"Home"},"content":{"rendered":"<div class=\"wpb-content-wrapper\"><p>[vc_row full_width=&#8221;stretch_row_content_no_spaces&#8221; css=&#8221;.vc_custom_1509517411682{margin-bottom: 0px !important;padding-top: 0px !important;padding-bottom: 0px !important;}&#8221;][vc_column css=&#8221;.vc_custom_1508395818862{margin-right: 0px !important;margin-left: 0px !important;padding-right: 0px !important;padding-left: 0px !important;}&#8221;][\/vc_column][\/vc_row][vc_section full_width=&#8221;stretch_row&#8221; css=&#8221;.vc_custom_1518761917915{margin-top: 0px !important;margin-bottom: 0px !important;padding-top: 0px !important;padding-bottom: 0px !important;background-color: #ffffff !important;}&#8221;][vc_row full_width=&#8221;stretch_row&#8221; css=&#8221;.vc_custom_1518761937555{margin-top: 0px !important;margin-bottom: 0px !important;padding-top: 70px !important;padding-bottom: 40px !important;}&#8221;][vc_column css=&#8221;.vc_custom_1518761945348{padding-top: 0px !important;padding-bottom: 0px !important;}&#8221;][vc_custom_heading text=&#8221;NUESTROS SERVICIOS&#8221; font_container=&#8221;tag:h1|font_size:36px|text_align:center|color:%23273272|line_height:45px&#8221; use_theme_fonts=&#8221;yes&#8221; el_class=&#8221;font-weight-black&#8221; css=&#8221;.vc_custom_1553611733891{margin-top: 0px !important;margin-bottom: 12px !important;}&#8221;][vc_single_image image=&#8221;5313&#8243; img_size=&#8221;full&#8221; alignment=&#8221;center&#8221; css=&#8221;.vc_custom_1518763100717{margin-top: 0px !important;margin-bottom: -7px !important;}&#8221;][vc_column_text css=&#8221;.vc_custom_1553611775162{margin-top: 0px !important;margin-bottom: 0px !important;}&#8221;]<\/p>\n<p style=\"text-align: center;\">Somos una empresa de Servicios caracterizada por su eficiencia en el logro de resultados dentro del marco del respeto al medio ambiente y las costumbres de los pueblos. Ofrecemos conocimiento, ingenier\u00eda, informaci\u00f3n e imaginaci\u00f3n para dar servicios tecnol\u00f3gicos de vanguardia capaces de convertir en realidad los sue\u00f1os en cualquier lugar.<\/p>\n<p>[\/vc_column_text][\/vc_column][\/vc_row][vc_row full_width=&#8221;stretch_row&#8221; gap=&#8221;30&#8243; css=&#8221;.vc_custom_1518766115503{margin-top: 0px !important;margin-right: 0px !important;margin-bottom: 0px !important;margin-left: 0px !important;padding-top: 0px !important;padding-bottom: 0px !important;}&#8221;][vc_column css_animation=&#8221;none&#8221; width=&#8221;1\/3&#8243; css=&#8221;.vc_custom_1520508541078{margin-top: 0px !important;margin-bottom: 20px !important;padding-top: 0px !important;padding-right: 23px !important;padding-bottom: 0px !important;padding-left: 23px !important;}&#8221;][vc_single_image image=&#8221;1700&#8243; img_size=&#8221;full&#8221; alignment=&#8221;center&#8221; onclick=&#8221;custom_link&#8221; css=&#8221;.vc_custom_1553612615474{margin-top: 0px !important;margin-bottom: 10px !important;}&#8221;][vc_custom_heading text=&#8221;Consultor\u00eda&#8221; font_container=&#8221;tag:h4|font_size:17px|text_align:center|color:%23001a57|line_height:28px&#8221; use_theme_fonts=&#8221;yes&#8221; el_class=&#8221;font-weight-semibold&#8221; css=&#8221;.vc_custom_1678277380005{margin-top: 0px !important;margin-bottom: 10px !important;}&#8221; link=&#8221;url:https%3A%2F%2Fwww.boltechs.com%2F%3Fpage_id%3D8546|||&#8221;][vc_column_text css=&#8221;.vc_custom_1553612805510{margin-top: 0px !important;margin-bottom: 0px !important;}&#8221;]<\/p>\n<p style=\"text-align: center;\">Por un mundo mejor y m\u00e1s justo, Boltechs act\u00faa desde la confianza que da el profundo conocimiento.<\/p>\n<p>[\/vc_column_text][\/vc_column][vc_column css_animation=&#8221;none&#8221; width=&#8221;1\/3&#8243; css=&#8221;.vc_custom_1520508530686{margin-top: 0px !important;margin-bottom: 20px !important;padding-top: 0px !important;padding-right: 23px !important;padding-bottom: 0px !important;padding-left: 23px !important;}&#8221;][vc_single_image image=&#8221;1700&#8243; img_size=&#8221;full&#8221; alignment=&#8221;center&#8221; onclick=&#8221;custom_link&#8221; css=&#8221;.vc_custom_1553612603862{margin-top: 0px !important;margin-bottom: 10px !important;}&#8221; link=&#8221;https:\/\/www.boltechs.com\/software-and-hi-tech\/&#8221;][vc_custom_heading text=&#8221;Ingenier\u00eda Petrolera&#8221; font_container=&#8221;tag:h4|font_size:17px|text_align:center|color:%23001a57|line_height:28px&#8221; use_theme_fonts=&#8221;yes&#8221; el_class=&#8221;font-weight-semibold&#8221; css=&#8221;.vc_custom_1678277403845{margin-top: 0px !important;margin-bottom: 10px !important;}&#8221; link=&#8221;url:https%3A%2F%2Fwww.boltechs.com%2F%3Fpage_id%3D8597|||&#8221;][vc_column_text css=&#8221;.vc_custom_1553612525661{margin-top: 0px !important;margin-bottom: 0px !important;}&#8221;]<\/p>\n<p style=\"text-align: center;\">Acompa\u00f1amos el desarrollo de activos con las mejores tecnicas recomendadas para la explotaci\u00f3n de hidtrocarburos.<\/p>\n<p>[\/vc_column_text][\/vc_column][vc_column css_animation=&#8221;none&#8221; width=&#8221;1\/3&#8243; css=&#8221;.vc_custom_1520508521235{margin-top: 0px !important;margin-bottom: 20px !important;padding-top: 0px !important;padding-right: 23px !important;padding-bottom: 0px !important;padding-left: 23px !important;}&#8221;][vc_single_image image=&#8221;1700&#8243; img_size=&#8221;full&#8221; alignment=&#8221;center&#8221; onclick=&#8221;custom_link&#8221; css=&#8221;.vc_custom_1553612586100{margin-top: 0px !important;margin-bottom: 10px !important;}&#8221; link=&#8221;https:\/\/www.boltechs.com\/business-services\/&#8221;][vc_custom_heading text=&#8221;Ingenier\u00eda de Reservorios&#8221; font_container=&#8221;tag:h4|font_size:17px|text_align:center|color:%23001a57|line_height:28px&#8221; use_theme_fonts=&#8221;yes&#8221; el_class=&#8221;font-weight-semibold&#8221; css=&#8221;.vc_custom_1678277446968{margin-top: 0px !important;margin-bottom: 10px !important;}&#8221; link=&#8221;|||&#8221;][vc_column_text css=&#8221;.vc_custom_1553612811922{margin-top: 0px !important;margin-bottom: 0px !important;}&#8221;]<\/p>\n<p style=\"text-align: center;\">Control y evaluaci\u00f3n de reservas de acuerdo a las modalidades de mercado.<\/p>\n<p>[\/vc_column_text][\/vc_column][\/vc_row][vc_row full_width=&#8221;stretch_row&#8221; gap=&#8221;30&#8243; css=&#8221;.vc_custom_1518766122672{margin-top: 0px !important;margin-right: 0px !important;margin-bottom: 0px !important;margin-left: 0px !important;padding-top: 0px !important;padding-bottom: 30px !important;}&#8221;][vc_column css_animation=&#8221;none&#8221; width=&#8221;1\/3&#8243; css=&#8221;.vc_custom_1520508580945{margin-top: 0px !important;margin-bottom: 35px !important;padding-top: 0px !important;padding-right: 23px !important;padding-bottom: 0px !important;padding-left: 23px !important;}&#8221;][vc_single_image image=&#8221;1700&#8243; img_size=&#8221;full&#8221; alignment=&#8221;center&#8221; onclick=&#8221;custom_link&#8221; css=&#8221;.vc_custom_1553612671992{margin-top: 0px !important;margin-bottom: 10px !important;}&#8221; link=&#8221;https:\/\/www.boltechs.com\/quality-resourcing\/&#8221;][vc_custom_heading text=&#8221;Producci\u00f3n&#8221; font_container=&#8221;tag:h4|font_size:17px|text_align:center|color:%23001a57|line_height:28px&#8221; use_theme_fonts=&#8221;yes&#8221; el_class=&#8221;font-weight-semibold&#8221; css=&#8221;.vc_custom_1553612690778{margin-top: 0px !important;margin-bottom: 10px !important;}&#8221; link=&#8221;url:http%3A%2F%2Fthemes.radiantthemes.com%2Fconsultix%2Fdemo-one%2Fquality-resourcing%2F|||&#8221;][vc_column_text css=&#8221;.vc_custom_1553612818955{margin-top: 0px !important;margin-bottom: 0px !important;}&#8221;]<\/p>\n<p style=\"text-align: center;\">Ponemos a su disposici\u00f3n, todos los servicios de consultoria y provisi\u00f3n de equipos y personal especializado en el \u00e1rea.<\/p>\n<p>[\/vc_column_text][\/vc_column][vc_column css_animation=&#8221;none&#8221; width=&#8221;1\/3&#8243; css=&#8221;.vc_custom_1520508570483{margin-top: 0px !important;margin-bottom: 35px !important;padding-top: 0px !important;padding-right: 23px !important;padding-bottom: 0px !important;padding-left: 23px !important;}&#8221;][vc_single_image image=&#8221;1700&#8243; img_size=&#8221;full&#8221; alignment=&#8221;center&#8221; onclick=&#8221;custom_link&#8221; css=&#8221;.vc_custom_1553612720143{margin-top: 0px !important;margin-bottom: 10px !important;}&#8221; link=&#8221;https:\/\/www.boltechs.com\/travel-and-aviation\/&#8221;][vc_custom_heading text=&#8221;Exploraci\u00f3n&#8221; font_container=&#8221;tag:h4|font_size:17px|text_align:center|color:%23001a57|line_height:28px&#8221; use_theme_fonts=&#8221;yes&#8221; el_class=&#8221;font-weight-semibold&#8221; css=&#8221;.vc_custom_1678277456292{margin-top: 0px !important;margin-bottom: 10px !important;}&#8221; link=&#8221;url:https%3A%2F%2Fwww.boltechs.com%2F%3Fpage_id%3D8532|||&#8221;][vc_column_text css=&#8221;.vc_custom_1553612829728{margin-top: 0px !important;margin-bottom: 0px !important;}&#8221;]<\/p>\n<p style=\"text-align: center;\">Asesoramiento en la obtenci\u00f3n de los mejores resultados de proyectos de sismica 2D y 3D, interpretaci\u00f3n, procesamiento.<\/p>\n<p>[\/vc_column_text][\/vc_column][vc_column css_animation=&#8221;none&#8221; width=&#8221;1\/3&#8243; css=&#8221;.vc_custom_1520508560452{margin-top: 0px !important;margin-bottom: 35px !important;padding-top: 0px !important;padding-right: 23px !important;padding-bottom: 0px !important;padding-left: 23px !important;}&#8221;][vc_single_image image=&#8221;1700&#8243; img_size=&#8221;full&#8221; alignment=&#8221;center&#8221; onclick=&#8221;custom_link&#8221; css=&#8221;.vc_custom_1553612762813{margin-top: 0px !important;margin-bottom: 10px !important;}&#8221; link=&#8221;https:\/\/www.boltechs.com\/quality-resourcing\/&#8221;][vc_custom_heading text=&#8221;Capacitaciones Profesionales&#8221; font_container=&#8221;tag:h4|font_size:17px|text_align:center|color:%23001a57|line_height:28px&#8221; use_theme_fonts=&#8221;yes&#8221; el_class=&#8221;font-weight-semibold&#8221; css=&#8221;.vc_custom_1678277479108{margin-top: 0px !important;margin-bottom: 10px !important;}&#8221; link=&#8221;url:https%3A%2F%2Fwww.boltechs.com%2F%3Fpage_id%3D8534|||&#8221;][vc_column_text css=&#8221;.vc_custom_1553612835522{margin-top: 0px !important;margin-bottom: 0px !important;}&#8221;]<\/p>\n<p style=\"text-align: center;\">Consideramos que el conocimiento y direcci\u00f3n del desarrollo de habilidades, actitudes, relaciones y motivaciones, aportan a mayores benficios.<\/p>\n<p>[\/vc_column_text][\/vc_column][\/vc_row][\/vc_section][vc_row full_width=&#8221;stretch_row&#8221; css=&#8221;.vc_custom_1519208984574{margin-top: 0px !important;margin-bottom: 0px !important;padding-top: 0px !important;padding-bottom: 60px !important;background-color: #ffffff !important;}&#8221;][vc_column css=&#8221;.vc_custom_1518761945348{padding-top: 0px !important;padding-bottom: 0px !important;}&#8221;][vc_custom_heading text=&#8221;CURSOS&#8221; font_container=&#8221;tag:h3|font_size:36px|text_align:center|color:%23273272|line_height:45px&#8221; use_theme_fonts=&#8221;yes&#8221; el_class=&#8221;font-weight-black&#8221; css=&#8221;.vc_custom_1553613064697{margin-top: 0px !important;margin-bottom: 12px !important;}&#8221;][vc_single_image image=&#8221;5313&#8243; img_size=&#8221;full&#8221; alignment=&#8221;center&#8221; css=&#8221;.vc_custom_1519209200447{margin-top: 0px !important;margin-bottom: 20px !important;}&#8221;][\/vc_column][\/vc_row]<\/p>\n<\/div>","protected":false},"excerpt":{"rendered":"<p>[vc_row full_width=&#8221;stretch_row_content_no_spaces&#8221; css=&#8221;.vc_custom_1509517411682{margin-bottom: 0px !important;padding-top: 0px !important;padding-bottom: 0px !important;}&#8221;][vc_column css=&#8221;.vc_custom_1508395818862{margin-right: 0px !important;margin-left: 0px !important;padding-right: 0px !important;padding-left: 0px !important;}&#8221;][\/vc_column][\/vc_row][vc_section full_width=&#8221;stretch_row&#8221; css=&#8221;.vc_custom_1518761917915{margin-top: 0px !important;margin-bottom: 0px !important;padding-top: 0px !important;padding-bottom: 0px !important;background-color: #ffffff !important;}&#8221;][vc_row full_width=&#8221;stretch_row&#8221; css=&#8221;.vc_custom_1518761937555{margin-top: 0px !important;margin-bottom: 0px !important;padding-top: 70px !important;padding-bottom: 40px !important;}&#8221;][vc_column css=&#8221;.vc_custom_1518761945348{padding-top: 0px !important;padding-bottom: 0px !important;}&#8221;][vc_custom_heading text=&#8221;NUESTROS SERVICIOS&#8221; font_container=&#8221;tag:h1|font_size:36px|text_align:center|color:%23273272|line_height:45px&#8221; use_theme_fonts=&#8221;yes&#8221; el_class=&#8221;font-weight-black&#8221; css=&#8221;.vc_custom_1553611733891{margin-top: 0px !important;margin-bottom: 12px !important;}&#8221;][vc_single_image [&hellip;]<\/p>\n","protected":false},"author":1,"featured_media":0,"parent":0,"menu_order":0,"comment_status":"closed","ping_status":"closed","template":"","meta":{"footnotes":""},"class_list":["post-293","page","type-page","status-publish","hentry"],"_links":{"self":[{"href":"https:\/\/www.boltechs.com\/index.php?rest_route=\/wp\/v2\/pages\/293","targetHints":{"allow":["GET"]}}],"collection":[{"href":"https:\/\/www.boltechs.com\/index.php?rest_route=\/wp\/v2\/pages"}],"about":[{"href":"https:\/\/www.boltechs.com\/index.php?rest_route=\/wp\/v2\/types\/page"}],"author":[{"embeddable":true,"href":"https:\/\/www.boltechs.com\/index.php?rest_route=\/wp\/v2\/users\/1"}],"replies":[{"embeddable":true,"href":"https:\/\/www.boltechs.com\/index.php?rest_route=%2Fwp%2Fv2%2Fcomments&post=293"}],"version-history":[{"count":19,"href":"https:\/\/www.boltechs.com\/index.php?rest_route=\/wp\/v2\/pages\/293\/revisions"}],"predecessor-version":[{"id":8821,"href":"https:\/\/www.boltechs.com\/index.php?rest_route=\/wp\/v2\/pages\/293\/revisions\/8821"}],"wp:attachment":[{"href":"https:\/\/www.boltechs.com\/index.php?rest_route=%2Fwp%2Fv2%2Fmedia&parent=293"}],"curies":[{"name":"wp","href":"https:\/\/api.w.org\/{rel}","templated":true}]}}