{"id":8518,"date":"2019-03-26T15:17:22","date_gmt":"2019-03-26T15:17:22","guid":{"rendered":"https:\/\/www.boltechs.com\/?page_id=8518"},"modified":"2022-12-22T18:44:32","modified_gmt":"2022-12-22T18:44:32","slug":"acerca-de-nosotros","status":"publish","type":"page","link":"https:\/\/www.boltechs.com\/?page_id=8518","title":{"rendered":"Nosotros"},"content":{"rendered":"<div class=\"wpb-content-wrapper\"><p>[vc_row][vc_column][vc_empty_space][vc_column_text]<\/p>\n<p style=\"text-align: justify;\">Somos una empresa de Servicios caracterizada por su eficiencia en el logro de resultados dentro del marco del respeto al medio ambiente y las costumbres de los pueblos. Ofrecemos conocimiento, ingenier\u00eda, informaci\u00f3n e imaginaci\u00f3n para dar servicios tecnol\u00f3gicos de vanguardia capaces de convertir en realidad los sue\u00f1os en cualquier lugar.<\/p>\n<p style=\"text-align: justify;\">Boltechs desarrolla consultorias en las diferentes areas de la Exploraci\u00f3n petrolera, ingenier\u00eda Petrolera, Civil, Medio ambiental industrial y de informaci\u00f3n tecnologica con profesionales de alta experiencia y capacidad.<\/p>\n<p style=\"text-align: justify;\">De igual manera, tenemos a su dispoci\u00f3n una amplia gamma de servicios general en provisi\u00f3n de equipos y accesorios<\/p>\n<p style=\"text-align: justify;\">Nuestro modelo de gesti\u00f3n considera la \u00e9tica empresarial como un activo intangible esencial, y mantiene pol\u00edtica de tolerancia cero con la corrupci\u00f3n, reflejada en su c\u00f3digo \u00e9tico y en todos sus procesos.<\/p>\n<p>[\/vc_column_text][\/vc_column][\/vc_row][vc_row][vc_column width=&#8221;1\/3&#8243;][vc_column_text]<\/p>\n<h4>Mision<\/h4>\n<p style=\"text-align: justify;\">Somos una empresa de servicios caracterizada por su eficiencia en el logo de los resultados del marco del respeto al medio ambiente y las costumbres de los pueblos ofreciendo conocimiento, ingenier\u00eda, informaci\u00f3n e imaginaci\u00f3n para satisfacci\u00f3n de nuestros clientes<\/p>\n<p>[\/vc_column_text][\/vc_column][vc_column width=&#8221;1\/3&#8243;][vc_column_text]<\/p>\n<h4>Visi\u00f3n<\/h4>\n<p style=\"text-align: justify;\">Ser una empresa referente a Nivel Nacional y de Am\u00e9rica Latina de estudios estrat\u00e9gicos del sector energ\u00e9tico dando asesoramiento y servicios de calidad siendo adem\u00e1s, un referente al bienestar de sus empleados<\/p>\n<p>[\/vc_column_text][\/vc_column][vc_column width=&#8221;1\/3&#8243;][vc_column_text]<\/p>\n<h4>Valores<\/h4>\n<p><strong>Compromiso.-<\/strong> Asumiremos como propios los objetivos de nuestros clientes, identific\u00e1ndolos con ellos.<br \/>\n<strong>Conducta \u00c9tica.-<\/strong> Llevaremos a cado nuestros negocios con integridad y transparencia<br \/>\n<strong>Excelencia.-<\/strong> Orientaci\u00f3n hacia resultados<br \/>\n<strong>Proactividad.-<\/strong> Visi\u00f3n clara del negocio y la empresa, aprovechando oportunidades y generando negocios innovadores<br \/>\nSeguridad.- Compromiso y respeto por la vida, salud, persona y el medio ambiente (CCEPS)[\/vc_column_text][\/vc_column][\/vc_row]<\/p>\n<\/div>","protected":false},"excerpt":{"rendered":"<p>[vc_row][vc_column][vc_empty_space][vc_column_text] Somos una empresa de Servicios caracterizada por su eficiencia en el logro de resultados dentro del marco del respeto al medio ambiente y las costumbres de los pueblos. Ofrecemos conocimiento, ingenier\u00eda, informaci\u00f3n e imaginaci\u00f3n para dar servicios tecnol\u00f3gicos de vanguardia capaces de convertir en realidad los sue\u00f1os en cualquier lugar. Boltechs desarrolla consultorias en [&hellip;]<\/p>\n","protected":false},"author":1,"featured_media":0,"parent":0,"menu_order":0,"comment_status":"closed","ping_status":"closed","template":"","meta":{"footnotes":""},"class_list":["post-8518","page","type-page","status-publish","hentry"],"_links":{"self":[{"href":"https:\/\/www.boltechs.com\/index.php?rest_route=\/wp\/v2\/pages\/8518","targetHints":{"allow":["GET"]}}],"collection":[{"href":"https:\/\/www.boltechs.com\/index.php?rest_route=\/wp\/v2\/pages"}],"about":[{"href":"https:\/\/www.boltechs.com\/index.php?rest_route=\/wp\/v2\/types\/page"}],"author":[{"embeddable":true,"href":"https:\/\/www.boltechs.com\/index.php?rest_route=\/wp\/v2\/users\/1"}],"replies":[{"embeddable":true,"href":"https:\/\/www.boltechs.com\/index.php?rest_route=%2Fwp%2Fv2%2Fcomments&post=8518"}],"version-history":[{"count":8,"href":"https:\/\/www.boltechs.com\/index.php?rest_route=\/wp\/v2\/pages\/8518\/revisions"}],"predecessor-version":[{"id":8725,"href":"https:\/\/www.boltechs.com\/index.php?rest_route=\/wp\/v2\/pages\/8518\/revisions\/8725"}],"wp:attachment":[{"href":"https:\/\/www.boltechs.com\/index.php?rest_route=%2Fwp%2Fv2%2Fmedia&parent=8518"}],"curies":[{"name":"wp","href":"https:\/\/api.w.org\/{rel}","templated":true}]}}