{"id":8534,"date":"2019-03-26T19:16:31","date_gmt":"2019-03-26T19:16:31","guid":{"rendered":"https:\/\/www.boltechs.com\/?page_id=8534"},"modified":"2019-04-09T21:09:58","modified_gmt":"2019-04-09T21:09:58","slug":"capacitaciones-profesionales","status":"publish","type":"page","link":"https:\/\/www.boltechs.com\/?page_id=8534","title":{"rendered":"Capacitaciones Profesionales"},"content":{"rendered":"<div class=\"wpb-content-wrapper\"><p>[vc_row][vc_column width=&#8221;1\/3&#8243;][vc_empty_space][vc_column_text]<\/p>\n<h5 style=\"text-align: center;\">Salud e Higiene Ocupacional<\/h5>\n<p><img loading=\"lazy\" decoding=\"async\" class=\"size-full wp-image-8648 aligncenter\" src=\"https:\/\/www.boltechs.com\/wp-content\/uploads\/2019\/04\/seguridad-industrial-Salud-e-Higiene-Ocupacional.jpg\" alt=\"\" width=\"360\" height=\"271\" srcset=\"https:\/\/www.boltechs.com\/wp-content\/uploads\/2019\/04\/seguridad-industrial-Salud-e-Higiene-Ocupacional.jpg 360w, https:\/\/www.boltechs.com\/wp-content\/uploads\/2019\/04\/seguridad-industrial-Salud-e-Higiene-Ocupacional-300x226.jpg 300w\" sizes=\"auto, (max-width: 360px) 100vw, 360px\" \/><\/p>\n<p style=\"text-align: justify;\">Seguridad Industrial &#8211; Salud e Higiene Ocupacional, capacitamos a personas y profesionales para completar sus estudios en el \u00e1rea de la salud ocupacional, enfrentar los riesgos tanto en el trabajo diario como en el diario vivir.<\/p>\n<p style=\"text-align: justify;\">Conocer lo m\u00ednimo de los primeros auxilios puede salvar su vida<\/p>\n<p style=\"text-align: justify;\">Conocer sobre salud e higiene ocupacional, tiene como objetivo la prevenci\u00f3n de las enfermedades ocupacionales o labores generadas por factores o agentes f\u00edsicos, quimico o biol\u00f3gicos que se puedan encontrar en los ambientes de trabajo y que actuan sobre los trabajadores pudiendo afectar su salud y bienestar por lo cual se hace necesario el conocimiento de estas normas.<\/p>\n<p>[\/vc_column_text][vc_column_text]<\/p>\n<h5 style=\"text-align: center;\">Ingenier\u00eda de Yacimientos<\/h5>\n<p><img loading=\"lazy\" decoding=\"async\" class=\"size-full wp-image-8667 aligncenter\" src=\"https:\/\/www.boltechs.com\/wp-content\/uploads\/2019\/04\/Ingenier\u00eda-de-Yacimientos-1.jpg\" alt=\"\" width=\"249\" height=\"175\" \/><\/p>\n<p style=\"text-align: justify;\">Aplicaci\u00f3n de principios cientificos aplicado a problemas de drenaje que resultan durante el desarrollo y producci\u00f3n de los yacimientos de hidrocarburos.<\/p>\n<p style=\"text-align: justify;\">Permitir\u00e1 tener un concepto muy claro de lo que sucede en el \u00e1mbito del yacimiento, origen de los hidrocarburos, an\u00e1lsis y propiedades de los hidrocarburos, calsificaci\u00f3n de los mismos y el calculo inicial de las reservas de un activo.<\/p>\n<p>[\/vc_column_text][vc_btn title=&#8221;Archivo Relaconado&#8221; i_icon_fontawesome=&#8221;fa fa-file-pdf-o&#8221; add_icon=&#8221;true&#8221; link=&#8221;url:https%3A%2F%2Fwww.boltechs.com%2Fwp-content%2Fuploads%2F2019%2F04%2FIngenier%C3%ADa-de-Yacimientos.pdf|||&#8221;][\/vc_column][vc_column width=&#8221;1\/3&#8243;][vc_empty_space][vc_column_text]<\/p>\n<h5 style=\"text-align: center;\">Explorar Perforar y Producir Hcs<\/h5>\n<p><img loading=\"lazy\" decoding=\"async\" class=\"size-full wp-image-8651 aligncenter\" src=\"https:\/\/www.boltechs.com\/wp-content\/uploads\/2019\/04\/Explorar-Perforar-y-Producir-Hcs1.jpg\" alt=\"\" width=\"249\" height=\"271\" \/><\/p>\n<p style=\"text-align: justify;\">Este curso le permite conocer el ciclo operativo de lo que representa la explotaci\u00f3n de hidrocarburos desde la etapa incial hasta la puesta en producci\u00f3n y sus diferentes actividades de un reservorio o campo descubierto.<\/p>\n<p>[\/vc_column_text][vc_column_text]<\/p>\n<h5 style=\"text-align: center;\">Producci\u00f3n &#8211; Operaciones de Subsuelo<\/h5>\n<p><img loading=\"lazy\" decoding=\"async\" class=\"size-full wp-image-8660 aligncenter\" src=\"https:\/\/www.boltechs.com\/wp-content\/uploads\/2019\/04\/Producci\u00f3n-Operaciones-de-Subsuelo.jpg\" alt=\"\" width=\"249\" height=\"271\" \/><\/p>\n<p style=\"text-align: justify;\">La etapa de producci\u00f3n de los hidrocarburos es tan o mas importante que las demas etapas ya que el no considerar la ingenier\u00eda adecuada y los controles respectivos, se puede afectar el nivel final de recuperaci\u00f3n de reservas.<\/p>\n<p style=\"text-align: justify;\">El da\u00f1o a la formaci\u00f3n, los aspectos relacionados con el sistema de producci\u00f3n, control de producci\u00f3n y limpieza de arena, parafina, su tratamiento adem\u00e1s del control de agua son factores que se deben tomar en cuenta para una optima explotaci\u00f3n de los yacimientos.<\/p>\n<p>[\/vc_column_text][vc_btn title=&#8221;Archivo Relaconado&#8221; i_icon_fontawesome=&#8221;fa fa-file-pdf-o&#8221; add_icon=&#8221;true&#8221; link=&#8221;url:https%3A%2F%2Fwww.boltechs.com%2Fwp-content%2Fuploads%2F2019%2F04%2FProducci%C3%B3n-Operaciones-de-Subsuelo.pdf|||&#8221;][\/vc_column][vc_column width=&#8221;1\/3&#8243;][vc_empty_space][vc_column_text]<\/p>\n<h5 style=\"text-align: center;\">Recursos y Reservas<\/h5>\n<p><img loading=\"lazy\" decoding=\"async\" class=\"size-full wp-image-8656 aligncenter\" src=\"https:\/\/www.boltechs.com\/wp-content\/uploads\/2019\/04\/Recursos-y-Reservas.jpg\" alt=\"\" width=\"249\" height=\"271\" \/><\/p>\n<p style=\"text-align: justify;\">Se han usado distintos sistemas para clasificar las reservas de petr\u00f3leo y de gas desde el desarrollo inicial de la industria en el siglo XIX. Sin embargo, las definiciones m\u00e1s usadas provienen del Sistema de Gesti\u00f3n de Recursos Petrol\u00edferos de la Sociedad de Ingenieros de Petr\u00f3leo de los EEUU (SPE por su sigla en ingl\u00e9s).<\/p>\n<p style=\"text-align: justify;\">Los c\u00e1lculos de reservas tienen una gran influencia en la valoraci\u00f3n para las empresas de exploraci\u00f3n y producci\u00f3n. Todas las reservas son c\u00e1lculos de yacimientos subterr\u00e1neos que no pueden ser examinados f\u00edsicamente y que siempre involucran un grado de incertidumbre. Sin embargo, tales sistemas son importantes debido a que crean un \u2018lenguaje universal\u2019 de t\u00e9rminos y definiciones claras dando lugar a estimaciones de reservas fidedignas y f\u00e1cilmente comparables para inversionistas, autoridades, reguladoras, gobiernos y consumidores. Sin embargo, cabe anotar que en los distintos pa\u00edses del mundo, las agencias gubernamentales y las organizaciones usan definiciones ligeramente diferentes.<\/p>\n<p style=\"text-align: justify;\">En este sentido, se pretende diferenciar claramente las diferentes clasificaciones de reservas, adem\u00e1s de definir los conceptos de recursos y reservas.<\/p>\n<p>[\/vc_column_text][vc_btn title=&#8221;Archivo Relaconado&#8221; i_icon_fontawesome=&#8221;fa fa-file-pdf-o&#8221; add_icon=&#8221;true&#8221; link=&#8221;url:https%3A%2F%2Fwww.boltechs.com%2Fwp-content%2Fuploads%2F2019%2F04%2FRecursos-y-Reservas.pdf|||&#8221;][\/vc_column][\/vc_row][vc_row][vc_column width=&#8221;1\/3&#8243;][vc_column_text]<\/p>\n<h5 style=\"text-align: center;\">Control de Arena<\/h5>\n<p><img loading=\"lazy\" decoding=\"async\" class=\"size-full wp-image-8669 aligncenter\" src=\"https:\/\/www.boltechs.com\/wp-content\/uploads\/2019\/04\/Control-de-arena.jpg\" alt=\"\" width=\"249\" height=\"175\" \/><\/p>\n<p style=\"text-align: justify;\">El curso de Control de Arena tiene como objetivo lograr que los participantes se encuentren en capacidad de conocer y utilizar las t\u00e9cnicas actuales para el control de arenas en pozos petroler\u00edferos y de gas. Considerando que en Bolivia, esta t\u00e9cnica debe ser aplicada en mas del 60% de los reservorios productores de los campos especialmente ubicados en pie de monte.<\/p>\n<p style=\"text-align: justify;\">Los temas que involucran tiene que ver con Enfoques pr\u00e1cticos para la administraci\u00f3n de Control de arena \u2022La naturaleza de la producci\u00f3n de arena \u2022 Predecir falla de la formaci\u00f3n y producci\u00f3n de arena\u2022Razones para el Control de arena \u2022Determinar la necesidad de Control de arena \u2022Selecci\u00f3n de tipo de Control \u2022Administraci\u00f3n de las fases en Control de arena \u2022Mecanismos de producci\u00f3n de arena en pozos de Gas y petr\u00f3leo \u2022Estabilidad para Control de arena \u2022Fase de prevenci\u00f3n y decisi\u00f3n basada en informaci\u00f3n t\u00e9cnica, la remediaci\u00f3n de la producci\u00f3n de arena y el gerenciamiento de las instalaciones superficiales.<\/p>\n<p>[\/vc_column_text][\/vc_column][vc_column width=&#8221;1\/3&#8243;][vc_column_text]<\/p>\n<h5 style=\"text-align: center;\">Seminario Taller sobre Hidrocarburos<\/h5>\n<p><img loading=\"lazy\" decoding=\"async\" class=\"size-full wp-image-8671 aligncenter\" src=\"https:\/\/www.boltechs.com\/wp-content\/uploads\/2019\/04\/Seminario-Taller-sobre-Hidrocarburos01.jpg\" alt=\"\" width=\"249\" height=\"175\" \/><\/p>\n<p style=\"text-align: justify;\">Preparado para personas que deseen entender lo que es la industria del petr\u00f3leo, sus procesos de exploraci\u00f3n, medio ambiente, desarrollo, producci\u00f3n, comercializaci\u00f3n e industrializaci\u00f3n.<\/p>\n<p style=\"text-align: justify;\">Los no profesionales del \u00e1rea, podran tener una idea muy clara de las etapas arriba definidas ya que puede ser de mucha utilidad a legisladores que est\u00e9n relacionados con energ\u00eda e hidrocarburos.<\/p>\n<p style=\"text-align: justify;\">De igual forma, No especialistas gubernamentales como ministerios y viceministerios podran tener un complemento a sus conocimientos desde un punto de vista simple y practico de lo que representa el negocio de los hidrcarburos.<\/p>\n<p>[\/vc_column_text][vc_btn title=&#8221;Archivo Relaconado&#8221; i_icon_fontawesome=&#8221;fa fa-file-pdf-o&#8221; add_icon=&#8221;true&#8221; link=&#8221;url:https%3A%2F%2Fwww.boltechs.com%2Fwp-content%2Fuploads%2F2019%2F04%2FSeminario-Taller-sobre-Hidrocarburos.pdf|||&#8221;][\/vc_column][vc_column width=&#8221;1\/3&#8243;][vc_column_text]<\/p>\n<h5 style=\"text-align: center;\">ABC del an\u00e1lisis Nodal<\/h5>\n<p><img loading=\"lazy\" decoding=\"async\" class=\"size-full wp-image-8674 aligncenter\" src=\"https:\/\/www.boltechs.com\/wp-content\/uploads\/2019\/04\/ABC-del-an\u00e1lisis-Nodal.jpg\" alt=\"\" width=\"191\" height=\"257\" \/><\/p>\n<p style=\"text-align: justify;\">El A B C del an\u00e1lisis NODAL, permitir\u00e1 al participante, revisar todos los conceptos te\u00f3ricos y pr\u00e1cticos que hacen a la definici\u00f3n y an\u00e1lisis de cada uno de los principales componentes que conforman un sistema de producci\u00f3n desde el yacimiento hasta el separador, integr\u00e1ndolos utilizando el An\u00e1lisis Nodal. De igual forma, podr\u00e1 complementar la teor\u00eda con ejercicios y ejemplos pr\u00e1cticos desarrollados paso a paso. Finalmente se realizar\u00e1n ejercicios con software especializado, para fortalecer los conceptos transmitidos y analizar la sensibilidad de variables en cada componente del sistema. Curso te\u00f3rico pr\u00e1ctico que Incluye sesiones de trabajo con Software de simulaci\u00f3n.<\/p>\n<p>[\/vc_column_text][vc_btn title=&#8221;Archivo Relaconado&#8221; i_icon_fontawesome=&#8221;fa fa-file-pdf-o&#8221; add_icon=&#8221;true&#8221; link=&#8221;url:https%3A%2F%2Fwww.boltechs.com%2Fwp-content%2Fuploads%2F2019%2F04%2FABC-del-an%C3%A1lisis-Nodal.pdf|||&#8221;][\/vc_column][\/vc_row]<\/p>\n<\/div>","protected":false},"excerpt":{"rendered":"<p>[vc_row][vc_column width=&#8221;1\/3&#8243;][vc_empty_space][vc_column_text] Salud e Higiene Ocupacional Seguridad Industrial &#8211; Salud e Higiene Ocupacional, capacitamos a personas y profesionales para completar sus estudios en el \u00e1rea de la salud ocupacional, enfrentar los riesgos tanto en el trabajo diario como en el diario vivir. Conocer lo m\u00ednimo de los primeros auxilios puede salvar su vida Conocer sobre [&hellip;]<\/p>\n","protected":false},"author":1,"featured_media":0,"parent":0,"menu_order":0,"comment_status":"closed","ping_status":"closed","template":"","meta":{"footnotes":""},"class_list":["post-8534","page","type-page","status-publish","hentry"],"_links":{"self":[{"href":"https:\/\/www.boltechs.com\/index.php?rest_route=\/wp\/v2\/pages\/8534","targetHints":{"allow":["GET"]}}],"collection":[{"href":"https:\/\/www.boltechs.com\/index.php?rest_route=\/wp\/v2\/pages"}],"about":[{"href":"https:\/\/www.boltechs.com\/index.php?rest_route=\/wp\/v2\/types\/page"}],"author":[{"embeddable":true,"href":"https:\/\/www.boltechs.com\/index.php?rest_route=\/wp\/v2\/users\/1"}],"replies":[{"embeddable":true,"href":"https:\/\/www.boltechs.com\/index.php?rest_route=%2Fwp%2Fv2%2Fcomments&post=8534"}],"version-history":[{"count":18,"href":"https:\/\/www.boltechs.com\/index.php?rest_route=\/wp\/v2\/pages\/8534\/revisions"}],"predecessor-version":[{"id":8676,"href":"https:\/\/www.boltechs.com\/index.php?rest_route=\/wp\/v2\/pages\/8534\/revisions\/8676"}],"wp:attachment":[{"href":"https:\/\/www.boltechs.com\/index.php?rest_route=%2Fwp%2Fv2%2Fmedia&parent=8534"}],"curies":[{"name":"wp","href":"https:\/\/api.w.org\/{rel}","templated":true}]}}