{"id":8546,"date":"2019-03-26T19:19:19","date_gmt":"2019-03-26T19:19:19","guid":{"rendered":"https:\/\/www.boltechs.com\/?page_id=8546"},"modified":"2019-04-10T20:21:21","modified_gmt":"2019-04-10T20:21:21","slug":"consultoria","status":"publish","type":"page","link":"https:\/\/www.boltechs.com\/?page_id=8546","title":{"rendered":"Consultor\u00eda"},"content":{"rendered":"<div class=\"wpb-content-wrapper\"><p>[vc_row][vc_column width=&#8221;1\/2&#8243;][vc_empty_space][vc_column_text]<\/p>\n<h5 style=\"text-align: center;\">Administraci\u00f3n<\/h5>\n<p><img loading=\"lazy\" decoding=\"async\" class=\"alignnone size-full wp-image-8684\" src=\"https:\/\/www.boltechs.com\/wp-content\/uploads\/2019\/04\/Administraci\u00f3n.jpg\" alt=\"\" width=\"774\" height=\"180\" srcset=\"https:\/\/www.boltechs.com\/wp-content\/uploads\/2019\/04\/Administraci\u00f3n.jpg 774w, https:\/\/www.boltechs.com\/wp-content\/uploads\/2019\/04\/Administraci\u00f3n-300x70.jpg 300w, https:\/\/www.boltechs.com\/wp-content\/uploads\/2019\/04\/Administraci\u00f3n-768x179.jpg 768w\" sizes=\"auto, (max-width: 774px) 100vw, 774px\" \/><\/p>\n<p style=\"text-align: justify;\">Al servicio del ciudadano, Boltechs desarrolla proyectos integrales de gobierno electr\u00f3nico, cubriendo la totalidad de la cadena de valor de cualquier Administraci\u00f3n, estatal, regional o local; englobando todas las acciones de optimizaci\u00f3n de procesos, despliegue tecnol\u00f3gico, adecuaci\u00f3n organizativa y gesti\u00f3n del cambio. Boltechs cuenta con todo el know-how para la modernizaci\u00f3n global desde una realidad est\u00e1tica a un futuro din\u00e1mico, \u00e1gil, electr\u00f3nico e interoperable.<\/p>\n<p style=\"text-align: justify;\">Boltechs se adapta a la organizaci\u00f3n apoyada por soluciones caracterizadas por su modularidad y su flexibilidad para el ciudadano. Utiliza diferentes tecnolog\u00edas en funci\u00f3n del \u00e1mbito normativo y estrat\u00e9gico, tanto en software libre como en soluciones comerciales de amplio alcance.<\/p>\n<p>[\/vc_column_text][\/vc_column][vc_column width=&#8221;1\/2&#8243;][vc_empty_space][vc_column_text]<\/p>\n<h5 style=\"text-align: center;\">Responsabilidad Social<\/h5>\n<p><img loading=\"lazy\" decoding=\"async\" class=\"size-full wp-image-8687 aligncenter\" src=\"https:\/\/www.boltechs.com\/wp-content\/uploads\/2019\/04\/Responsabilidad-Social.jpg\" alt=\"\" width=\"774\" height=\"180\" srcset=\"https:\/\/www.boltechs.com\/wp-content\/uploads\/2019\/04\/Responsabilidad-Social.jpg 774w, https:\/\/www.boltechs.com\/wp-content\/uploads\/2019\/04\/Responsabilidad-Social-300x70.jpg 300w, https:\/\/www.boltechs.com\/wp-content\/uploads\/2019\/04\/Responsabilidad-Social-768x179.jpg 768w\" sizes=\"auto, (max-width: 774px) 100vw, 774px\" \/><\/p>\n<p style=\"text-align: justify;\">Compromiso social, La Responsabilidad Social Corporativa de la compa\u00f1\u00eda se gestiona a trav\u00e9s de la Fundaci\u00f3n Boltechs que entiende que la empresa debe jugar un papel fundamental para el desarrollo y bienestar de la humanidad. Con el paso del tiempo, la compa\u00f1\u00eda se ha involucrado cada vez m\u00e1s en diferentes aspectos relevantes para la mejora de la sociedad, proteger el medio ambiente, defender la justicia social y fomentar la solidaridad con quien menos tiene en busca siempre de un mundo mejor. Estos principios forman parte de los valores de Boltechs con los que promueve el desarrollo con el compromiso social.<\/p>\n<p>[\/vc_column_text][\/vc_column][\/vc_row][vc_row][vc_column width=&#8221;1\/2&#8243;][vc_column_text]<\/p>\n<h5 style=\"text-align: center;\">Sistemas de Gesti\u00f3n<\/h5>\n<p><img loading=\"lazy\" decoding=\"async\" class=\"size-full wp-image-8690 aligncenter\" src=\"https:\/\/www.boltechs.com\/wp-content\/uploads\/2019\/04\/Sistemas-de-Gesti\u00f3n.jpg\" alt=\"\" width=\"774\" height=\"180\" srcset=\"https:\/\/www.boltechs.com\/wp-content\/uploads\/2019\/04\/Sistemas-de-Gesti\u00f3n.jpg 774w, https:\/\/www.boltechs.com\/wp-content\/uploads\/2019\/04\/Sistemas-de-Gesti\u00f3n-300x70.jpg 300w, https:\/\/www.boltechs.com\/wp-content\/uploads\/2019\/04\/Sistemas-de-Gesti\u00f3n-768x179.jpg 768w\" sizes=\"auto, (max-width: 774px) 100vw, 774px\" \/><\/p>\n<p style=\"text-align: justify;\">Evoluci\u00f3n f\u00e1cil, Boltechs desarrolla una oferta completa de servicios de gesti\u00f3n del cambio que abarcan todos los \u00e1mbitos de marketing, publicidad, comunicaci\u00f3n, formaci\u00f3n y divulgaci\u00f3n.<\/p>\n<p style=\"text-align: justify;\">Dispone de un \u00e1rea transversal de gesti\u00f3n del cambio, independiente de los equipos de proyectos, cuya misi\u00f3n es facilitar la asimilaci\u00f3n de estas nuevas tecnolog\u00edas y procedimientos, con capacidad para actuar tanto sobre usuarios externos como internos.<\/p>\n<p style=\"text-align: justify;\">Uno de los elementos diferenciales de Boltechs es la implicaci\u00f3n de todo el equipo en la Gesti\u00f3n del Cambio, organizativo, cultural y de procesos de toda implantaci\u00f3n de sistemas.<\/p>\n<p style=\"text-align: justify;\">Con la esponsorizaci\u00f3n de las personas clave del cliente, la gesti\u00f3n del cambio permite a usuarios y terceros superar las barreras iniciales consiguiendo mejorar el buen uso y aprovechamiento de los sistemas, la consecuci\u00f3n de objetivos estrat\u00e9gicos y asegurar la gesti\u00f3n de expectativas.<\/p>\n<p>[\/vc_column_text][\/vc_column][vc_column width=&#8221;1\/2&#8243;][vc_column_text]<\/p>\n<h5 style=\"text-align: center;\">Relacionamiento Comunitario<\/h5>\n<p><img loading=\"lazy\" decoding=\"async\" class=\"size-full wp-image-8692 aligncenter\" src=\"https:\/\/www.boltechs.com\/wp-content\/uploads\/2019\/04\/Relacionamiento-Comunitario.jpg\" alt=\"\" width=\"774\" height=\"250\" srcset=\"https:\/\/www.boltechs.com\/wp-content\/uploads\/2019\/04\/Relacionamiento-Comunitario.jpg 774w, https:\/\/www.boltechs.com\/wp-content\/uploads\/2019\/04\/Relacionamiento-Comunitario-300x97.jpg 300w, https:\/\/www.boltechs.com\/wp-content\/uploads\/2019\/04\/Relacionamiento-Comunitario-768x248.jpg 768w\" sizes=\"auto, (max-width: 774px) 100vw, 774px\" \/><\/p>\n<p style=\"text-align: justify;\">Esp\u00edritu solidario, En Boltechs estamos convencidos de la obligaci\u00f3n moral que tenemos de devolver a la comunidad parte de los beneficios que obtenemos a trav\u00e9s de nuestras actividades empresariales. Sabemos que las carencias son muchas, por ello, nos consideramos, una instituci\u00f3n intermediaria dedicada al bienestar de los menos favorecidos.<\/p>\n<p style=\"text-align: justify;\">Contribuimos con sectores necesitados teniendo como principio que somos amigos solidarios de las comunidades y que todos tenemos derecho a vivir mejor.<\/p>\n<p>[\/vc_column_text][\/vc_column][\/vc_row][vc_row][vc_column width=&#8221;1\/2&#8243;][vc_column_text]<\/p>\n<h5 style=\"text-align: center;\">Medio Ambiente<\/h5>\n<p><img loading=\"lazy\" decoding=\"async\" class=\"alignnone size-full wp-image-8694\" src=\"https:\/\/www.boltechs.com\/wp-content\/uploads\/2019\/04\/Medio-Ambiente.jpg\" alt=\"\" width=\"774\" height=\"250\" srcset=\"https:\/\/www.boltechs.com\/wp-content\/uploads\/2019\/04\/Medio-Ambiente.jpg 774w, https:\/\/www.boltechs.com\/wp-content\/uploads\/2019\/04\/Medio-Ambiente-300x97.jpg 300w, https:\/\/www.boltechs.com\/wp-content\/uploads\/2019\/04\/Medio-Ambiente-768x248.jpg 768w\" sizes=\"auto, (max-width: 774px) 100vw, 774px\" \/><\/p>\n<p style=\"text-align: justify;\">La protecci\u00f3n ambiental y un desarrollo sostenible, Para Boltechs la protecci\u00f3n ambiental ha significado una oportunidad de aportar conocimiento a la defensa del entorno as\u00ed como de crecimiento y desarrollo. Hoy posee uno de los mejores curr\u00edculos en tecnolog\u00eda ambiental. Sus metodolog\u00edas garantizan la incorporaci\u00f3n efectiva de la variable ambiental al proceso de planificaci\u00f3n y proyecto de las infraestructuras.<\/p>\n<p style=\"text-align: justify;\">Realiza estudios de impacto apoyados en nuevas tecnolog\u00edas: geodatabase, teledetecci\u00f3n, tratamiento digital de im\u00e1genes y el acceso descentralizado a la informaci\u00f3n a trav\u00e9s de internet.<\/p>\n<p style=\"text-align: justify;\">Sus realizaciones abarcan campos diversos: mapas estrat\u00e9gicos de ruido; control de la calidad del aire y del agua en espacios naturales, industriales y urbanos; restauraci\u00f3n de r\u00edos; infraestructuras de uso p\u00fablico y zonas verdes; protecci\u00f3n de ecosistemas y monitorizaci\u00f3n de indicadores f\u00edsicos, qu\u00edmicos y biol\u00f3gicos.<\/p>\n<p>[\/vc_column_text][\/vc_column][vc_column width=&#8221;1\/2&#8243;][vc_column_text]<\/p>\n<h5 style=\"text-align: center;\">Seguridad Industrial<\/h5>\n<p><img loading=\"lazy\" decoding=\"async\" class=\"size-full wp-image-8695 aligncenter\" src=\"https:\/\/www.boltechs.com\/wp-content\/uploads\/2019\/04\/Seguridad-Industrial.jpg\" alt=\"\" width=\"774\" height=\"180\" srcset=\"https:\/\/www.boltechs.com\/wp-content\/uploads\/2019\/04\/Seguridad-Industrial.jpg 774w, https:\/\/www.boltechs.com\/wp-content\/uploads\/2019\/04\/Seguridad-Industrial-300x70.jpg 300w, https:\/\/www.boltechs.com\/wp-content\/uploads\/2019\/04\/Seguridad-Industrial-768x179.jpg 768w\" sizes=\"auto, (max-width: 774px) 100vw, 774px\" \/><\/p>\n<p style=\"text-align: justify;\">Proporcionar tranquilidad, Boltechs realiza auditor\u00edas inform\u00e1ticas y de sistemas, de cumplimento de LOPD y la implantaci\u00f3n de la LOPD en diversos de sectores, gracias al conocimiento de marcos de referencia internacionalmente reconocidos (LOPD, COSO REPORT, ISACA, ISO, NIST\u2026), en materia de seguridad en sistemas y tecnolog\u00edas de informaci\u00f3n y comunicaciones.<\/p>\n<p style=\"text-align: justify;\">Servicios enfocados al dise\u00f1o, implantaci\u00f3n y evaluaci\u00f3n de la seguridad tecnol\u00f3gica, desde la estrategia de seguridad hasta su implantaci\u00f3n en los procesos de negocio, asegurando la confidencialidad, integridad y disponibilidad de la informaci\u00f3n, mediante la utilizaci\u00f3n de herramientas organizativas, metodol\u00f3gicas y t\u00e9cnicas.<\/p>\n<p style=\"text-align: justify;\">Boltechs ha desplegado e implantado estos servicios de consultor\u00eda de seguridad con \u00e9xito en numerosos sectores y cuenta con alianzas con los principales proveedores tecnol\u00f3gicos, lo que garantiza el \u00e9xito ante los clientes.<\/p>\n<p>[\/vc_column_text][\/vc_column][\/vc_row]<\/p>\n<\/div>","protected":false},"excerpt":{"rendered":"<p>[vc_row][vc_column width=&#8221;1\/2&#8243;][vc_empty_space][vc_column_text] Administraci\u00f3n Al servicio del ciudadano, Boltechs desarrolla proyectos integrales de gobierno electr\u00f3nico, cubriendo la totalidad de la cadena de valor de cualquier Administraci\u00f3n, estatal, regional o local; englobando todas las acciones de optimizaci\u00f3n de procesos, despliegue tecnol\u00f3gico, adecuaci\u00f3n organizativa y gesti\u00f3n del cambio. Boltechs cuenta con todo el know-how para la modernizaci\u00f3n global [&hellip;]<\/p>\n","protected":false},"author":1,"featured_media":0,"parent":0,"menu_order":0,"comment_status":"closed","ping_status":"closed","template":"","meta":{"footnotes":""},"class_list":["post-8546","page","type-page","status-publish","hentry"],"_links":{"self":[{"href":"https:\/\/www.boltechs.com\/index.php?rest_route=\/wp\/v2\/pages\/8546","targetHints":{"allow":["GET"]}}],"collection":[{"href":"https:\/\/www.boltechs.com\/index.php?rest_route=\/wp\/v2\/pages"}],"about":[{"href":"https:\/\/www.boltechs.com\/index.php?rest_route=\/wp\/v2\/types\/page"}],"author":[{"embeddable":true,"href":"https:\/\/www.boltechs.com\/index.php?rest_route=\/wp\/v2\/users\/1"}],"replies":[{"embeddable":true,"href":"https:\/\/www.boltechs.com\/index.php?rest_route=%2Fwp%2Fv2%2Fcomments&post=8546"}],"version-history":[{"count":10,"href":"https:\/\/www.boltechs.com\/index.php?rest_route=\/wp\/v2\/pages\/8546\/revisions"}],"predecessor-version":[{"id":8696,"href":"https:\/\/www.boltechs.com\/index.php?rest_route=\/wp\/v2\/pages\/8546\/revisions\/8696"}],"wp:attachment":[{"href":"https:\/\/www.boltechs.com\/index.php?rest_route=%2Fwp%2Fv2%2Fmedia&parent=8546"}],"curies":[{"name":"wp","href":"https:\/\/api.w.org\/{rel}","templated":true}]}}