{"id":8548,"date":"2019-03-26T19:19:30","date_gmt":"2019-03-26T19:19:30","guid":{"rendered":"https:\/\/www.boltechs.com\/?page_id=8548"},"modified":"2019-04-10T20:28:48","modified_gmt":"2019-04-10T20:28:48","slug":"diseno-e-ingenieria","status":"publish","type":"page","link":"https:\/\/www.boltechs.com\/?page_id=8548","title":{"rendered":"Dise\u00f1o e Ingenier\u00eda"},"content":{"rendered":"<div class=\"wpb-content-wrapper\"><p>[vc_row][vc_column width=&#8221;1\/3&#8243;][vc_column_text]<\/p>\n<h5 style=\"text-align: center;\">Simulaci\u00f3n<\/h5>\n<p><img loading=\"lazy\" decoding=\"async\" class=\"size-full wp-image-8698 aligncenter\" src=\"https:\/\/www.boltechs.com\/wp-content\/uploads\/2019\/04\/Simulaci\u00f3n.jpg\" alt=\"\" width=\"774\" height=\"180\" srcset=\"https:\/\/www.boltechs.com\/wp-content\/uploads\/2019\/04\/Simulaci\u00f3n.jpg 774w, https:\/\/www.boltechs.com\/wp-content\/uploads\/2019\/04\/Simulaci\u00f3n-300x70.jpg 300w, https:\/\/www.boltechs.com\/wp-content\/uploads\/2019\/04\/Simulaci\u00f3n-768x179.jpg 768w\" sizes=\"auto, (max-width: 774px) 100vw, 774px\" \/><\/p>\n<p style=\"text-align: justify;\">Reproducir los fen\u00f3menos naturales, Los equipos de Boltechs son expertos en el desarrollo de modelos matem\u00e1ticos que reproducen el comportamiento de toda clase de fen\u00f3menos f\u00edsicos y biol\u00f3gicos. En el campo de la hidrolog\u00eda, la hidr\u00e1ulica, la calidad de las aguas, o la explotaci\u00f3n de procesos y sistemas cuentan con herramientas propias que, unidas a las soluciones de los institutos mas prestigioso, dan respuesta a todos los problemas de sus clientes.<\/p>\n<p style=\"text-align: justify;\">Tienen gran experiencia en el proceso de ajuste y determinaci\u00f3n de par\u00e1metros para adaptar el modelo te\u00f3rico al caso concreto donde ha de ser aplicado. Tambi\u00e9n prestan servicios de explotaci\u00f3n en tiempo real con aplicaciones espec\u00edficas a los Sistemas de Ayuda a la Decisi\u00f3n.<\/p>\n<p>[\/vc_column_text][\/vc_column][vc_column width=&#8221;1\/3&#8243;][vc_column_text]<\/p>\n<h5 style=\"text-align: center;\">Gerencia y supervisi\u00f3n de obras<\/h5>\n<p><img loading=\"lazy\" decoding=\"async\" class=\"alignnone size-full wp-image-8699\" src=\"https:\/\/www.boltechs.com\/wp-content\/uploads\/2019\/04\/Gerencia-y-supervisi\u00f3n-de-obras.jpg\" alt=\"\" width=\"774\" height=\"180\" srcset=\"https:\/\/www.boltechs.com\/wp-content\/uploads\/2019\/04\/Gerencia-y-supervisi\u00f3n-de-obras.jpg 774w, https:\/\/www.boltechs.com\/wp-content\/uploads\/2019\/04\/Gerencia-y-supervisi\u00f3n-de-obras-300x70.jpg 300w, https:\/\/www.boltechs.com\/wp-content\/uploads\/2019\/04\/Gerencia-y-supervisi\u00f3n-de-obras-768x179.jpg 768w\" sizes=\"auto, (max-width: 774px) 100vw, 774px\" \/><\/p>\n<p style=\"text-align: justify;\">El valor a\u00f1adido de los expertos, Boltechs dispone de un amplio equipo de ingenieros directores de obra de contrastada experiencia en todos los \u00e1mbitos de las infraestructuras (carreteras, ferrocarriles, obras hidr\u00e1ulicas, industria, qu\u00edmica, instalaciones complejas\u2026).<\/p>\n<p style=\"text-align: justify;\">Boltechs aporta valor a\u00f1adido a los trabajos de direcci\u00f3n de obra: la continua y efectiva participaci\u00f3n de los especialistas, ofrece un plus de calidad, que se suma a las herramientas inform\u00e1ticas y sistemas de gesti\u00f3n documental, adaptados a las necesidades de cada caso. Eso permite al cliente un seguimiento c\u00f3modo y \u00e1gil de la evoluci\u00f3n de las obras. Asimismo se aportan t\u00e9cnicas, instrumentos y recursos de control de calidad m\u00e1s avanzados.<\/p>\n<p style=\"text-align: justify;\">Boltechs esta en proceso de obtener sus certificaciones de sus Sistema de Calidad y Gesti\u00f3n Medioambiental certificados seg\u00fan las Normas UNE-EN-ISO-9001 y UNE-EN-ISO-14001001.<\/p>\n<p>[\/vc_column_text][\/vc_column][vc_column width=&#8221;1\/3&#8243;][vc_column_text]<\/p>\n<h5 style=\"text-align: center;\">Estudios y dise\u00f1os<\/h5>\n<p><img loading=\"lazy\" decoding=\"async\" class=\"alignnone size-full wp-image-8700\" src=\"https:\/\/www.boltechs.com\/wp-content\/uploads\/2019\/04\/Estudios-y-dise\u00f1os.jpg\" alt=\"\" width=\"774\" height=\"180\" srcset=\"https:\/\/www.boltechs.com\/wp-content\/uploads\/2019\/04\/Estudios-y-dise\u00f1os.jpg 774w, https:\/\/www.boltechs.com\/wp-content\/uploads\/2019\/04\/Estudios-y-dise\u00f1os-300x70.jpg 300w, https:\/\/www.boltechs.com\/wp-content\/uploads\/2019\/04\/Estudios-y-dise\u00f1os-768x179.jpg 768w\" sizes=\"auto, (max-width: 774px) 100vw, 774px\" \/><\/p>\n<p style=\"text-align: justify;\">Expertos en el an\u00e1lisis de ingenier\u00eda y arquitectura, Boltechs es experta en la elaboraci\u00f3n de todo tipo de estudios relacionados con la ingenier\u00eda y la arquitectura: estudios previos, estudios informativos, estudios de viabilidad, estudios de planificaci\u00f3n, estudios de financiaci\u00f3n y rentabilidad, estudios geot\u00e9cnicos, estudios de movilidad y tr\u00e1fico, estudios de integraci\u00f3n paisaj\u00edstica, estudios de ruido, Due dilligence de concesiones.<\/p>\n<p style=\"text-align: justify;\">Un buen dise\u00f1o constructivo asegura un buen desarrollo de la obra, sin desviaciones de precio o plazo, y la calidad final del producto. Esta circunstancia es especialmente cr\u00edtica en proyectos que por su complejidad o gran escala suponen un mayor esfuerzo de control y una mayor dificultad de gesti\u00f3n. Boltechs aplica toda la capacidad de sus equipos altamente capacitados para conseguir ese resultado.<\/p>\n<p style=\"text-align: justify;\">Ha desarrollado metodolog\u00edas espec\u00edficas y potentes herramientas inform\u00e1ticas que facilitan la realizaci\u00f3n de los mismos en los plazos exigidos y su correspondiente supervisi\u00f3n, garantizando as\u00ed la calidad de los trabajos.<\/p>\n<p>[\/vc_column_text][\/vc_column][\/vc_row]<\/p>\n<\/div>","protected":false},"excerpt":{"rendered":"<p>[vc_row][vc_column width=&#8221;1\/3&#8243;][vc_column_text] Simulaci\u00f3n Reproducir los fen\u00f3menos naturales, Los equipos de Boltechs son expertos en el desarrollo de modelos matem\u00e1ticos que reproducen el comportamiento de toda clase de fen\u00f3menos f\u00edsicos y biol\u00f3gicos. En el campo de la hidrolog\u00eda, la hidr\u00e1ulica, la calidad de las aguas, o la explotaci\u00f3n de procesos y sistemas cuentan con herramientas propias [&hellip;]<\/p>\n","protected":false},"author":1,"featured_media":0,"parent":0,"menu_order":0,"comment_status":"closed","ping_status":"closed","template":"","meta":{"footnotes":""},"class_list":["post-8548","page","type-page","status-publish","hentry"],"_links":{"self":[{"href":"https:\/\/www.boltechs.com\/index.php?rest_route=\/wp\/v2\/pages\/8548","targetHints":{"allow":["GET"]}}],"collection":[{"href":"https:\/\/www.boltechs.com\/index.php?rest_route=\/wp\/v2\/pages"}],"about":[{"href":"https:\/\/www.boltechs.com\/index.php?rest_route=\/wp\/v2\/types\/page"}],"author":[{"embeddable":true,"href":"https:\/\/www.boltechs.com\/index.php?rest_route=\/wp\/v2\/users\/1"}],"replies":[{"embeddable":true,"href":"https:\/\/www.boltechs.com\/index.php?rest_route=%2Fwp%2Fv2%2Fcomments&post=8548"}],"version-history":[{"count":4,"href":"https:\/\/www.boltechs.com\/index.php?rest_route=\/wp\/v2\/pages\/8548\/revisions"}],"predecessor-version":[{"id":8702,"href":"https:\/\/www.boltechs.com\/index.php?rest_route=\/wp\/v2\/pages\/8548\/revisions\/8702"}],"wp:attachment":[{"href":"https:\/\/www.boltechs.com\/index.php?rest_route=%2Fwp%2Fv2%2Fmedia&parent=8548"}],"curies":[{"name":"wp","href":"https:\/\/api.w.org\/{rel}","templated":true}]}}