{"id":8597,"date":"2019-03-26T20:36:28","date_gmt":"2019-03-26T20:36:28","guid":{"rendered":"https:\/\/www.boltechs.com\/?page_id=8597"},"modified":"2019-04-08T19:52:15","modified_gmt":"2019-04-08T19:52:15","slug":"ingenieria-petrolera","status":"publish","type":"page","link":"https:\/\/www.boltechs.com\/?page_id=8597","title":{"rendered":"Ingenier\u00eda Petrolera"},"content":{"rendered":"<div class=\"wpb-content-wrapper\"><p>[vc_row][vc_column width=&#8221;1\/3&#8243;][vc_empty_space][vc_column_text]<\/p>\n<h5 style=\"text-align: center;\">Ingenier\u00eda de Reservorios<\/h5>\n<p><img loading=\"lazy\" decoding=\"async\" class=\"size-full wp-image-8630 aligncenter\" src=\"https:\/\/www.boltechs.com\/wp-content\/uploads\/2019\/04\/Ingenier\u00eda-de-Reservorios.jpg\" alt=\"\" width=\"360\" height=\"275\" srcset=\"https:\/\/www.boltechs.com\/wp-content\/uploads\/2019\/04\/Ingenier\u00eda-de-Reservorios.jpg 360w, https:\/\/www.boltechs.com\/wp-content\/uploads\/2019\/04\/Ingenier\u00eda-de-Reservorios-300x229.jpg 300w\" sizes=\"auto, (max-width: 360px) 100vw, 360px\" \/><\/p>\n<p>Control y evaluaci\u00f3n de reservas de acuerdo a las modalidades de mercado[\/vc_column_text][\/vc_column][vc_column width=&#8221;1\/3&#8243;][vc_empty_space][vc_column_text]<\/p>\n<h5 style=\"text-align: center;\">Ingenier\u00eda de Reservorios<\/h5>\n<p><img loading=\"lazy\" decoding=\"async\" class=\"size-full wp-image-8631 aligncenter\" src=\"https:\/\/www.boltechs.com\/wp-content\/uploads\/2019\/04\/Producci\u00f3n-petrolera.jpg\" alt=\"\" width=\"360\" height=\"275\" srcset=\"https:\/\/www.boltechs.com\/wp-content\/uploads\/2019\/04\/Producci\u00f3n-petrolera.jpg 360w, https:\/\/www.boltechs.com\/wp-content\/uploads\/2019\/04\/Producci\u00f3n-petrolera-300x229.jpg 300w\" sizes=\"auto, (max-width: 360px) 100vw, 360px\" \/><\/p>\n<p>Ponemos a su disposici\u00f3n, todos los servicios de consultoria y provisi\u00f3n de equipos y personal especializado en el \u00e1rea de la industria Petrolera con la finalidad de alcanzar sus objetivos con eficiencia y bajo costo sin dejar de lado la calidad.[\/vc_column_text][\/vc_column][vc_column width=&#8221;1\/3&#8243;][vc_empty_space][vc_column_text]<\/p>\n<h5 style=\"text-align: center;\">Servicios Integrados<\/h5>\n<p><img loading=\"lazy\" decoding=\"async\" class=\"size-full wp-image-8632 aligncenter\" src=\"https:\/\/www.boltechs.com\/wp-content\/uploads\/2019\/04\/Servicios-Integrados.jpg\" alt=\"\" width=\"360\" height=\"275\" srcset=\"https:\/\/www.boltechs.com\/wp-content\/uploads\/2019\/04\/Servicios-Integrados.jpg 360w, https:\/\/www.boltechs.com\/wp-content\/uploads\/2019\/04\/Servicios-Integrados-300x229.jpg 300w\" sizes=\"auto, (max-width: 360px) 100vw, 360px\" \/><\/p>\n<p>Administracion de activos de manera integral desde los estudios de comportamiento, desarrollo y evaluaci\u00f3n post morten de los proyectos tanto exploratorios como de desarrollo proporcionando el mejor material humano disponible en el mercado.[\/vc_column_text][\/vc_column][\/vc_row]<\/p>\n<\/div>","protected":false},"excerpt":{"rendered":"<p>[vc_row][vc_column width=&#8221;1\/3&#8243;][vc_empty_space][vc_column_text] Ingenier\u00eda de Reservorios Control y evaluaci\u00f3n de reservas de acuerdo a las modalidades de mercado[\/vc_column_text][\/vc_column][vc_column width=&#8221;1\/3&#8243;][vc_empty_space][vc_column_text] Ingenier\u00eda de Reservorios Ponemos a su disposici\u00f3n, todos los servicios de consultoria y provisi\u00f3n de equipos y personal especializado en el \u00e1rea de la industria Petrolera con la finalidad de alcanzar sus objetivos con eficiencia y bajo [&hellip;]<\/p>\n","protected":false},"author":1,"featured_media":0,"parent":0,"menu_order":0,"comment_status":"closed","ping_status":"closed","template":"","meta":{"footnotes":""},"class_list":["post-8597","page","type-page","status-publish","hentry"],"_links":{"self":[{"href":"https:\/\/www.boltechs.com\/index.php?rest_route=\/wp\/v2\/pages\/8597","targetHints":{"allow":["GET"]}}],"collection":[{"href":"https:\/\/www.boltechs.com\/index.php?rest_route=\/wp\/v2\/pages"}],"about":[{"href":"https:\/\/www.boltechs.com\/index.php?rest_route=\/wp\/v2\/types\/page"}],"author":[{"embeddable":true,"href":"https:\/\/www.boltechs.com\/index.php?rest_route=\/wp\/v2\/users\/1"}],"replies":[{"embeddable":true,"href":"https:\/\/www.boltechs.com\/index.php?rest_route=%2Fwp%2Fv2%2Fcomments&post=8597"}],"version-history":[{"count":5,"href":"https:\/\/www.boltechs.com\/index.php?rest_route=\/wp\/v2\/pages\/8597\/revisions"}],"predecessor-version":[{"id":8634,"href":"https:\/\/www.boltechs.com\/index.php?rest_route=\/wp\/v2\/pages\/8597\/revisions\/8634"}],"wp:attachment":[{"href":"https:\/\/www.boltechs.com\/index.php?rest_route=%2Fwp%2Fv2%2Fmedia&parent=8597"}],"curies":[{"name":"wp","href":"https:\/\/api.w.org\/{rel}","templated":true}]}}