{"id":8635,"date":"2019-04-08T19:54:43","date_gmt":"2019-04-08T19:54:43","guid":{"rendered":"https:\/\/www.boltechs.com\/?page_id=8635"},"modified":"2019-04-08T20:01:41","modified_gmt":"2019-04-08T20:01:41","slug":"ingenieria-civil","status":"publish","type":"page","link":"https:\/\/www.boltechs.com\/?page_id=8635","title":{"rendered":"Ingenier\u00eda Civil"},"content":{"rendered":"<div class=\"wpb-content-wrapper\"><p>[vc_row][vc_column width=&#8221;1\/2&#8243;][vc_empty_space][vc_column_text]<\/p>\n<h5 style=\"text-align: center;\">Infraestructuras<\/h5>\n<p><img loading=\"lazy\" decoding=\"async\" class=\"alignnone size-full wp-image-8638\" src=\"https:\/\/www.boltechs.com\/wp-content\/uploads\/2019\/04\/Infraestructuras.jpg\" alt=\"\" width=\"774\" height=\"180\" srcset=\"https:\/\/www.boltechs.com\/wp-content\/uploads\/2019\/04\/Infraestructuras.jpg 774w, https:\/\/www.boltechs.com\/wp-content\/uploads\/2019\/04\/Infraestructuras-300x70.jpg 300w, https:\/\/www.boltechs.com\/wp-content\/uploads\/2019\/04\/Infraestructuras-768x179.jpg 768w\" sizes=\"auto, (max-width: 774px) 100vw, 774px\" \/><\/p>\n<h5 style=\"text-align: center;\">La uni\u00f3n de los pueblos<\/h5>\n<p>[\/vc_column_text][\/vc_column][vc_column width=&#8221;1\/2&#8243;][vc_empty_space][vc_column_text]<\/p>\n<p style=\"text-align: justify;\">Boltechs es una empresa l\u00edder en el desarrollo, gesti\u00f3n y construcci\u00f3n de infraestructuras de transporte. Sus equipos de especialistas abordan todo tipo de medios, como obras viales, ferrocarriles, transportes metropolitanos y desarrollan t\u00e9cnicas de \u00faltima generaci\u00f3n en los \u00e1mbitos de las estructuras, ingenier\u00eda del terreno o circuitos de velocidad.<\/p>\n<p style=\"text-align: justify;\">Es pionera en nuevas tecnolog\u00edas aplicadas a los Sistemas Inteligentes de Transportes.<\/p>\n<p style=\"text-align: justify;\">En todos ellos posee una vasta experiencia, aporta referencias en proyectos de gran envergadura y cuenta con la t\u00e9cnica m\u00e1s avanzada. Toda su colaboraci\u00f3n profesional est\u00e1 presidida por la b\u00fasqueda de la rentabilidad, m\u00ednima inversi\u00f3n, m\u00e1xima calidad y defensa de los intereses de los clientes.<\/p>\n<p>[\/vc_column_text][\/vc_column][\/vc_row]<\/p>\n<\/div>","protected":false},"excerpt":{"rendered":"<p>[vc_row][vc_column width=&#8221;1\/2&#8243;][vc_empty_space][vc_column_text] Infraestructuras La uni\u00f3n de los pueblos [\/vc_column_text][\/vc_column][vc_column width=&#8221;1\/2&#8243;][vc_empty_space][vc_column_text] Boltechs es una empresa l\u00edder en el desarrollo, gesti\u00f3n y construcci\u00f3n de infraestructuras de transporte. Sus equipos de especialistas abordan todo tipo de medios, como obras viales, ferrocarriles, transportes metropolitanos y desarrollan t\u00e9cnicas de \u00faltima generaci\u00f3n en los \u00e1mbitos de las estructuras, ingenier\u00eda del terreno [&hellip;]<\/p>\n","protected":false},"author":1,"featured_media":0,"parent":0,"menu_order":0,"comment_status":"closed","ping_status":"closed","template":"","meta":{"footnotes":""},"class_list":["post-8635","page","type-page","status-publish","hentry"],"_links":{"self":[{"href":"https:\/\/www.boltechs.com\/index.php?rest_route=\/wp\/v2\/pages\/8635","targetHints":{"allow":["GET"]}}],"collection":[{"href":"https:\/\/www.boltechs.com\/index.php?rest_route=\/wp\/v2\/pages"}],"about":[{"href":"https:\/\/www.boltechs.com\/index.php?rest_route=\/wp\/v2\/types\/page"}],"author":[{"embeddable":true,"href":"https:\/\/www.boltechs.com\/index.php?rest_route=\/wp\/v2\/users\/1"}],"replies":[{"embeddable":true,"href":"https:\/\/www.boltechs.com\/index.php?rest_route=%2Fwp%2Fv2%2Fcomments&post=8635"}],"version-history":[{"count":8,"href":"https:\/\/www.boltechs.com\/index.php?rest_route=\/wp\/v2\/pages\/8635\/revisions"}],"predecessor-version":[{"id":8645,"href":"https:\/\/www.boltechs.com\/index.php?rest_route=\/wp\/v2\/pages\/8635\/revisions\/8645"}],"wp:attachment":[{"href":"https:\/\/www.boltechs.com\/index.php?rest_route=%2Fwp%2Fv2%2Fmedia&parent=8635"}],"curies":[{"name":"wp","href":"https:\/\/api.w.org\/{rel}","templated":true}]}}